 {"id":86,"date":"2025-04-22T09:59:50","date_gmt":"2025-04-22T07:59:50","guid":{"rendered":"https:\/\/polfacilities.nl\/?page_id=86"},"modified":"2025-05-09T08:29:36","modified_gmt":"2025-05-09T06:29:36","slug":"beurzen","status":"publish","type":"page","link":"https:\/\/polfacilities.nl\/en\/beurzen\/","title":{"rendered":"Exhibitions"},"content":{"rendered":"<div data-elementor-type=\"wp-page\" data-elementor-id=\"86\" class=\"elementor elementor-86\" data-elementor-post-type=\"page\">\n\t\t\t\t<div class=\"elementor-element elementor-element-6a33db0 section-xxs section-narrow-xs e-flex e-con-boxed e-con e-parent\" data-id=\"6a33db0\" data-element_type=\"container\" data-e-type=\"container\">\n\t\t\t\t\t<div class=\"e-con-inner\">\n\t\t\t\t<div class=\"elementor-element elementor-element-4fb4884 elementor-widget elementor-widget-heading\" data-id=\"4fb4884\" data-element_type=\"widget\" data-e-type=\"widget\" data-widget_type=\"heading.default\">\n\t\t\t\t<div class=\"elementor-widget-container\">\n\t\t\t\t\t<h2 class=\"elementor-heading-title elementor-size-default\">let your brand shine <br>on the trading floor<\/h2>\t\t\t\t<\/div>\n\t\t\t\t<\/div>\n\t\t\t\t<div class=\"elementor-element elementor-element-e228758 elementor-widget elementor-widget-text-editor\" data-id=\"e228758\" data-element_type=\"widget\" data-e-type=\"widget\" data-widget_type=\"text-editor.default\">\n\t\t\t\t<div class=\"elementor-widget-container\">\n\t\t\t\t\t\t\t\t\t<p>A trade show is not a place to blend in with the crowd. It is the place to be seen, impress and collect leads. And that all starts with one thing: your exhibition stand.<\/p><p>At Pol Facilities, we make sure your stand is more than just a place with a counter and some leaflets. We create an experience. An environment in which your brand comes to life. Think stylish furniture, smart fittings, atmospheric lighting and eye-catching branding - all taken care of down to the last detail.<\/p><p>Whether you go for sleek and businesslike or creative and inviting: we think along with you, from concept to realisation. And of course we also arrange the set-up, dismantling and logistics. You focus on your visitors - we do the rest.<\/p>\t\t\t\t\t\t\t\t<\/div>\n\t\t\t\t<\/div>\n\t\t<div class=\"elementor-element elementor-element-348f0d3 e-con-full e-flex e-con e-child\" data-id=\"348f0d3\" data-element_type=\"container\" data-e-type=\"container\">\n\t\t\t\t<div class=\"elementor-element elementor-element-861898a elementor-widget elementor-widget-heading\" data-id=\"861898a\" data-element_type=\"widget\" data-e-type=\"widget\" data-widget_type=\"heading.default\">\n\t\t\t\t<div class=\"elementor-widget-container\">\n\t\t\t\t\t<h3 class=\"elementor-heading-title elementor-size-default\">more information<\/h3>\t\t\t\t<\/div>\n\t\t\t\t<\/div>\n\t\t\t\t<div class=\"elementor-element elementor-element-c4e0cce elementor-widget elementor-widget-text-editor\" data-id=\"c4e0cce\" data-element_type=\"widget\" data-e-type=\"widget\" data-widget_type=\"text-editor.default\">\n\t\t\t\t<div class=\"elementor-widget-container\">\n\t\t\t\t\t\t\t\t\t<p>Sed ut perspiciatis unde omnis iste natus error sit voluptatem accusantium doloremque laudantium, totam rem aperiam, eaque ipsa quae ab illo inventore veritatis et quasi architecto beatae vitae dicta sunt explicabo. Nemo enim ipsam voluptatem quia voluptas sit aspernatur aut odit aut fugit, sed quia consequuntur magni dolores eos qui ratione voluptatem sequi nesciunt. Neque porro quisquam est, qui dolorem ipsum quia dolor sit amet, consectetur, adipisci velit, sed quia non numquam eius modi tempora incidunt ut labore et dolore magnam aliquam quaerat voluptatem. Ut enim ad minima veniam, quis nostrum exercitationem ullam corporis suscipit laboriosam, nisi ut aliquid ex ea commodi consequatur? Quis autem vel eum iure reprehenderit qui in ea voluptate velit esse quam nihil molestiae consequatur, vel illum qui dolorem eum fugiat quo voluptas nulla pariatur?<\/p>\t\t\t\t\t\t\t\t<\/div>\n\t\t\t\t<\/div>\n\t\t\t\t<\/div>\n\t\t\t\t\t<\/div>\n\t\t\t\t<\/div>\n\t\t\t\t<\/div>","protected":false},"excerpt":{"rendered":"<p>laat jouw merk schitteren op de beursvloer Een beurs is geen plek om op te gaan in de massa. Het is d\u00e9 plek om gezien te worden, indruk te maken en leads te verzamelen. En dat begint allemaal bij \u00e9\u00e9n ding: jouw beursstand. Bij Pol Facilities zorgen we ervoor dat jouw stand m\u00e9\u00e9r is dan [&hellip;]<\/p>\n","protected":false},"author":1,"featured_media":288,"parent":0,"menu_order":0,"comment_status":"closed","ping_status":"closed","template":"","meta":{"iawp_total_views":75,"footnotes":""},"class_list":["post-86","page","type-page","status-publish","has-post-thumbnail","hentry"],"_links":{"self":[{"href":"https:\/\/polfacilities.nl\/en\/wp-json\/wp\/v2\/pages\/86","targetHints":{"allow":["GET"]}}],"collection":[{"href":"https:\/\/polfacilities.nl\/en\/wp-json\/wp\/v2\/pages"}],"about":[{"href":"https:\/\/polfacilities.nl\/en\/wp-json\/wp\/v2\/types\/page"}],"author":[{"embeddable":true,"href":"https:\/\/polfacilities.nl\/en\/wp-json\/wp\/v2\/users\/1"}],"replies":[{"embeddable":true,"href":"https:\/\/polfacilities.nl\/en\/wp-json\/wp\/v2\/comments?post=86"}],"version-history":[{"count":10,"href":"https:\/\/polfacilities.nl\/en\/wp-json\/wp\/v2\/pages\/86\/revisions"}],"predecessor-version":[{"id":321,"href":"https:\/\/polfacilities.nl\/en\/wp-json\/wp\/v2\/pages\/86\/revisions\/321"}],"wp:featuredmedia":[{"embeddable":true,"href":"https:\/\/polfacilities.nl\/en\/wp-json\/wp\/v2\/media\/288"}],"wp:attachment":[{"href":"https:\/\/polfacilities.nl\/en\/wp-json\/wp\/v2\/media?parent=86"}],"curies":[{"name":"WP","href":"https:\/\/api.w.org\/{rel}","templated":true}]}}